{"id":83,"date":"2013-04-17T14:56:27","date_gmt":"2013-04-17T12:56:27","guid":{"rendered":"https:\/\/wp.creart.hu\/metaltechexpert\/?page_id=83"},"modified":"2019-10-04T07:53:23","modified_gmt":"2019-10-04T05:53:23","slug":"services","status":"publish","type":"page","link":"https:\/\/www.metaltechexpert.hu\/en\/","title":{"rendered":"Services"},"content":{"rendered":"<p style=\"text-align: left;\" align=\"center\"><div class=\"picbar_cont\"><a href=\"https:\/\/www.metaltechexpert.hu\/files\/DSCF3605.jpg\" title=\"torch and plasma cutting\" rel=\"gallery\"><img decoding=\"async\" src=\"https:\/\/www.metaltechexpert.hu\/files\/DSCF3605-150x150.jpg\" alt=\"torch and plasma cutting\" title=\"torch and plasma cutting\" class=\"alignleft\" \/><\/a><a href=\"https:\/\/www.metaltechexpert.hu\/files\/03.jpg\" title=\"bending\" rel=\"gallery\"><img decoding=\"async\" src=\"https:\/\/www.metaltechexpert.hu\/files\/03-150x150.jpg\" alt=\"bending\" title=\"bending\" class=\"alignleft\" \/><\/a><a href=\"https:\/\/www.metaltechexpert.hu\/files\/02.jpg\" title=\"welding\" rel=\"gallery\"><img decoding=\"async\" src=\"https:\/\/www.metaltechexpert.hu\/files\/02-150x150.jpg\" alt=\"\" title=\"welding\" class=\"alignleft\" \/><\/a><a href=\"https:\/\/www.metaltechexpert.hu\/files\/01.jpg\" title=\"CNC pipe-,tube bending\" rel=\"gallery\"><img decoding=\"async\" src=\"https:\/\/www.metaltechexpert.hu\/files\/01-150x150.jpg\" alt=\"CNC pipe-,tube bending\" title=\"CNC pipe-,tube bending\" class=\"alignleft\" \/><\/a><\/div><div class=\"content-text\"><\/p>\n<h2 style=\"text-align: left;\" align=\"center\">Workshop area: 1100 m<sup>2<\/sup><\/h2>\n<h2>Cutting:<\/h2>\n<ul>\n<li><strong>CNC torch- and plasmacutting<\/strong>\n<ul>\n<li>Torch-cutting: 300 mm x 2000 mm x 6000mm<\/li>\n<li>Plasma-cutting: 10 mm x 2000 mm x 6000 mm<\/li>\n<\/ul>\n<\/li>\n<li><strong>Sawing to<\/strong> 610 (620) mm<\/li>\n<li><strong>Power Shaering to<em>&nbsp;<\/em><\/strong>3000 mm long &nbsp;and 12 mm thick<strong>&nbsp;<\/strong><\/li>\n<\/ul>\n<h2>Metal fabrication<\/h2>\n<h2>Welding<\/h2>\n<h2>Maschining<\/h2>\n<h2>Press brakes:<\/h2>\n<ul>\n<li><strong>Bending machine to<\/strong> 50 t 2000 mm<\/li>\n<li><strong>CNC Bending machine to<\/strong> 110 t, 3000 mm<\/li>\n<\/ul>\n<h2>CNC Tube bender<\/h2>\n<h2>Production of complete structures<\/h2>\n<h2>Coating:<\/h2>\n<ul>\n<li>Abrasive blasting<\/li>\n<li>Painting (100 m<sup>2<\/sup>)<\/li>\n<li>Hot dip galvanization<\/li>\n<li>galvaniztion<\/li>\n<li>Nickel-plating<\/li>\n<li>Sintering<\/li>\n<\/ul>\n<p><\/div><\/p>\n","protected":false},"excerpt":{"rendered":"","protected":false},"author":1,"featured_media":0,"parent":0,"menu_order":1,"comment_status":"closed","ping_status":"closed","template":"","meta":{"ngg_post_thumbnail":0,"footnotes":""},"class_list":["post-83","page","type-page","status-publish","hentry"],"yoast_head":"<!-- This site is optimized with the Yoast SEO plugin v26.9 - https:\/\/yoast.com\/product\/yoast-seo-wordpress\/ -->\n<title>Services - Metal-Tech Expert Kft.<\/title>\n<meta name=\"robots\" content=\"index, follow, max-snippet:-1, max-image-preview:large, max-video-preview:-1\" \/>\n<link rel=\"canonical\" href=\"https:\/\/www.metaltechexpert.hu\/en\/\" \/>\n<meta property=\"og:locale\" content=\"en_US\" \/>\n<meta property=\"og:type\" content=\"article\" \/>\n<meta property=\"og:title\" content=\"Services - Metal-Tech Expert Kft.\" \/>\n<meta property=\"og:url\" content=\"https:\/\/www.metaltechexpert.hu\/en\/\" \/>\n<meta property=\"og:site_name\" content=\"Metal-Tech Expert Kft.\" \/>\n<meta property=\"article:modified_time\" content=\"2019-10-04T05:53:23+00:00\" \/>\n<script type=\"application\/ld+json\" class=\"yoast-schema-graph\">{\"@context\":\"https:\/\/schema.org\",\"@graph\":[{\"@type\":\"WebPage\",\"@id\":\"https:\/\/www.metaltechexpert.hu\/en\/\",\"url\":\"https:\/\/www.metaltechexpert.hu\/en\/\",\"name\":\"Services - Metal-Tech Expert Kft.\",\"isPartOf\":{\"@id\":\"https:\/\/www.metaltechexpert.hu\/#website\"},\"datePublished\":\"2013-04-17T12:56:27+00:00\",\"dateModified\":\"2019-10-04T05:53:23+00:00\",\"breadcrumb\":{\"@id\":\"https:\/\/www.metaltechexpert.hu\/en\/#breadcrumb\"},\"inLanguage\":\"en-US\",\"potentialAction\":[{\"@type\":\"ReadAction\",\"target\":[\"https:\/\/www.metaltechexpert.hu\/en\/\"]}]},{\"@type\":\"BreadcrumbList\",\"@id\":\"https:\/\/www.metaltechexpert.hu\/en\/#breadcrumb\",\"itemListElement\":[{\"@type\":\"ListItem\",\"position\":1,\"name\":\"Kezd\u0151lap\",\"item\":\"https:\/\/www.metaltechexpert.hu\/en\/\"},{\"@type\":\"ListItem\",\"position\":2,\"name\":\"Services\"}]},{\"@type\":\"WebSite\",\"@id\":\"https:\/\/www.metaltechexpert.hu\/#website\",\"url\":\"https:\/\/www.metaltechexpert.hu\/\",\"name\":\"Metal-Tech Expert Kft.\",\"description\":\"...egy \u00fajabb cre-art st\u00fadi\u00f3 honlap...\",\"potentialAction\":[{\"@type\":\"SearchAction\",\"target\":{\"@type\":\"EntryPoint\",\"urlTemplate\":\"https:\/\/www.metaltechexpert.hu\/?s={search_term_string}\"},\"query-input\":{\"@type\":\"PropertyValueSpecification\",\"valueRequired\":true,\"valueName\":\"search_term_string\"}}],\"inLanguage\":\"en-US\"}]}<\/script>\n<!-- \/ Yoast SEO plugin. -->","yoast_head_json":{"title":"Services - Metal-Tech Expert Kft.","robots":{"index":"index","follow":"follow","max-snippet":"max-snippet:-1","max-image-preview":"max-image-preview:large","max-video-preview":"max-video-preview:-1"},"canonical":"https:\/\/www.metaltechexpert.hu\/en\/","og_locale":"en_US","og_type":"article","og_title":"Services - Metal-Tech Expert Kft.","og_url":"https:\/\/www.metaltechexpert.hu\/en\/","og_site_name":"Metal-Tech Expert Kft.","article_modified_time":"2019-10-04T05:53:23+00:00","schema":{"@context":"https:\/\/schema.org","@graph":[{"@type":"WebPage","@id":"https:\/\/www.metaltechexpert.hu\/en\/","url":"https:\/\/www.metaltechexpert.hu\/en\/","name":"Services - Metal-Tech Expert Kft.","isPartOf":{"@id":"https:\/\/www.metaltechexpert.hu\/#website"},"datePublished":"2013-04-17T12:56:27+00:00","dateModified":"2019-10-04T05:53:23+00:00","breadcrumb":{"@id":"https:\/\/www.metaltechexpert.hu\/en\/#breadcrumb"},"inLanguage":"en-US","potentialAction":[{"@type":"ReadAction","target":["https:\/\/www.metaltechexpert.hu\/en\/"]}]},{"@type":"BreadcrumbList","@id":"https:\/\/www.metaltechexpert.hu\/en\/#breadcrumb","itemListElement":[{"@type":"ListItem","position":1,"name":"Kezd\u0151lap","item":"https:\/\/www.metaltechexpert.hu\/en\/"},{"@type":"ListItem","position":2,"name":"Services"}]},{"@type":"WebSite","@id":"https:\/\/www.metaltechexpert.hu\/#website","url":"https:\/\/www.metaltechexpert.hu\/","name":"Metal-Tech Expert Kft.","description":"...egy \u00fajabb cre-art st\u00fadi\u00f3 honlap...","potentialAction":[{"@type":"SearchAction","target":{"@type":"EntryPoint","urlTemplate":"https:\/\/www.metaltechexpert.hu\/?s={search_term_string}"},"query-input":{"@type":"PropertyValueSpecification","valueRequired":true,"valueName":"search_term_string"}}],"inLanguage":"en-US"}]}},"_links":{"self":[{"href":"https:\/\/www.metaltechexpert.hu\/en\/wp-json\/wp\/v2\/pages\/83","targetHints":{"allow":["GET"]}}],"collection":[{"href":"https:\/\/www.metaltechexpert.hu\/en\/wp-json\/wp\/v2\/pages"}],"about":[{"href":"https:\/\/www.metaltechexpert.hu\/en\/wp-json\/wp\/v2\/types\/page"}],"author":[{"embeddable":true,"href":"https:\/\/www.metaltechexpert.hu\/en\/wp-json\/wp\/v2\/users\/1"}],"replies":[{"embeddable":true,"href":"https:\/\/www.metaltechexpert.hu\/en\/wp-json\/wp\/v2\/comments?post=83"}],"version-history":[{"count":0,"href":"https:\/\/www.metaltechexpert.hu\/en\/wp-json\/wp\/v2\/pages\/83\/revisions"}],"wp:attachment":[{"href":"https:\/\/www.metaltechexpert.hu\/en\/wp-json\/wp\/v2\/media?parent=83"}],"curies":[{"name":"wp","href":"https:\/\/api.w.org\/{rel}","templated":true}]}}