{"id":75,"date":"2013-04-17T14:55:02","date_gmt":"2013-04-17T12:55:02","guid":{"rendered":"https:\/\/wp.creart.hu\/metaltechexpert\/?page_id=75"},"modified":"2013-04-30T14:50:28","modified_gmt":"2013-04-30T12:50:28","slug":"about-us","status":"publish","type":"page","link":"https:\/\/www.metaltechexpert.hu\/en\/about-us\/","title":{"rendered":"About us"},"content":{"rendered":"<p>Our Company\u2019s main activity is metal manufacturing and fabrication as a supplier to major Austrian and Hungarian multinational engineering companies<\/p>\n<p>Our strength is to implement short deadline orders on customized parts, from the point of purchasing raw materials through processing them and all the way to the phase of surface treatment. We are striving to carry out all phases of work within doors, and thanks to this, we have managed to speed up our customer service<strong><\/strong><\/p>\n<p>Young and skilled team of experts work to our existing and new customers&#8217; needs quickly and satisfy according to their requests.<\/p>\n<p>We undertake fabrication of welded steel structures based on specific drawing and parts CNC torch- and plasma-cutting, plate and tube bending, surface treatment and metalworking.<\/p>\n<p>Different production technologies is performed with suppliers to a higher standard and to provide broader services.<\/p>\n","protected":false},"excerpt":{"rendered":"<p>Our Company\u2019s main activity is metal manufacturing and fabrication as a supplier to major Austrian and Hungarian multinational engineering companies Our strength is to implement short deadline orders on customized parts, from the point of purchasing raw materials through processing them and all the way to the phase of surface treatment. We are striving to [&hellip;]<\/p>\n","protected":false},"author":1,"featured_media":0,"parent":0,"menu_order":4,"comment_status":"open","ping_status":"closed","template":"","meta":{"ngg_post_thumbnail":0,"footnotes":""},"class_list":["post-75","page","type-page","status-publish","hentry"],"yoast_head":"<!-- This site is optimized with the Yoast SEO plugin v26.9 - https:\/\/yoast.com\/product\/yoast-seo-wordpress\/ -->\n<title>About us - Metal-Tech Expert Kft.<\/title>\n<meta name=\"robots\" content=\"index, follow, max-snippet:-1, max-image-preview:large, max-video-preview:-1\" \/>\n<link rel=\"canonical\" href=\"https:\/\/www.metaltechexpert.hu\/en\/about-us\/\" \/>\n<meta property=\"og:locale\" content=\"en_US\" \/>\n<meta property=\"og:type\" content=\"article\" \/>\n<meta property=\"og:title\" content=\"About us - Metal-Tech Expert Kft.\" \/>\n<meta property=\"og:description\" content=\"Our Company\u2019s main activity is metal manufacturing and fabrication as a supplier to major Austrian and Hungarian multinational engineering companies Our strength is to implement short deadline orders on customized parts, from the point of purchasing raw materials through processing them and all the way to the phase of surface treatment. We are striving to [&hellip;]\" \/>\n<meta property=\"og:url\" content=\"https:\/\/www.metaltechexpert.hu\/en\/about-us\/\" \/>\n<meta property=\"og:site_name\" content=\"Metal-Tech Expert Kft.\" \/>\n<meta property=\"article:modified_time\" content=\"2013-04-30T12:50:28+00:00\" \/>\n<meta name=\"twitter:label1\" content=\"Est. reading time\" \/>\n\t<meta name=\"twitter:data1\" content=\"1 minute\" \/>\n<script type=\"application\/ld+json\" class=\"yoast-schema-graph\">{\"@context\":\"https:\/\/schema.org\",\"@graph\":[{\"@type\":\"WebPage\",\"@id\":\"https:\/\/www.metaltechexpert.hu\/en\/about-us\/\",\"url\":\"https:\/\/www.metaltechexpert.hu\/en\/about-us\/\",\"name\":\"About us - Metal-Tech Expert Kft.\",\"isPartOf\":{\"@id\":\"https:\/\/www.metaltechexpert.hu\/#website\"},\"datePublished\":\"2013-04-17T12:55:02+00:00\",\"dateModified\":\"2013-04-30T12:50:28+00:00\",\"breadcrumb\":{\"@id\":\"https:\/\/www.metaltechexpert.hu\/en\/about-us\/#breadcrumb\"},\"inLanguage\":\"en-US\",\"potentialAction\":[{\"@type\":\"ReadAction\",\"target\":[\"https:\/\/www.metaltechexpert.hu\/en\/about-us\/\"]}]},{\"@type\":\"BreadcrumbList\",\"@id\":\"https:\/\/www.metaltechexpert.hu\/en\/about-us\/#breadcrumb\",\"itemListElement\":[{\"@type\":\"ListItem\",\"position\":1,\"name\":\"Kezd\u0151lap\",\"item\":\"https:\/\/www.metaltechexpert.hu\/en\/\"},{\"@type\":\"ListItem\",\"position\":2,\"name\":\"About us\"}]},{\"@type\":\"WebSite\",\"@id\":\"https:\/\/www.metaltechexpert.hu\/#website\",\"url\":\"https:\/\/www.metaltechexpert.hu\/\",\"name\":\"Metal-Tech Expert Kft.\",\"description\":\"...egy \u00fajabb cre-art st\u00fadi\u00f3 honlap...\",\"potentialAction\":[{\"@type\":\"SearchAction\",\"target\":{\"@type\":\"EntryPoint\",\"urlTemplate\":\"https:\/\/www.metaltechexpert.hu\/?s={search_term_string}\"},\"query-input\":{\"@type\":\"PropertyValueSpecification\",\"valueRequired\":true,\"valueName\":\"search_term_string\"}}],\"inLanguage\":\"en-US\"}]}<\/script>\n<!-- \/ Yoast SEO plugin. -->","yoast_head_json":{"title":"About us - Metal-Tech Expert Kft.","robots":{"index":"index","follow":"follow","max-snippet":"max-snippet:-1","max-image-preview":"max-image-preview:large","max-video-preview":"max-video-preview:-1"},"canonical":"https:\/\/www.metaltechexpert.hu\/en\/about-us\/","og_locale":"en_US","og_type":"article","og_title":"About us - Metal-Tech Expert Kft.","og_description":"Our Company\u2019s main activity is metal manufacturing and fabrication as a supplier to major Austrian and Hungarian multinational engineering companies Our strength is to implement short deadline orders on customized parts, from the point of purchasing raw materials through processing them and all the way to the phase of surface treatment. We are striving to [&hellip;]","og_url":"https:\/\/www.metaltechexpert.hu\/en\/about-us\/","og_site_name":"Metal-Tech Expert Kft.","article_modified_time":"2013-04-30T12:50:28+00:00","twitter_misc":{"Est. reading time":"1 minute"},"schema":{"@context":"https:\/\/schema.org","@graph":[{"@type":"WebPage","@id":"https:\/\/www.metaltechexpert.hu\/en\/about-us\/","url":"https:\/\/www.metaltechexpert.hu\/en\/about-us\/","name":"About us - Metal-Tech Expert Kft.","isPartOf":{"@id":"https:\/\/www.metaltechexpert.hu\/#website"},"datePublished":"2013-04-17T12:55:02+00:00","dateModified":"2013-04-30T12:50:28+00:00","breadcrumb":{"@id":"https:\/\/www.metaltechexpert.hu\/en\/about-us\/#breadcrumb"},"inLanguage":"en-US","potentialAction":[{"@type":"ReadAction","target":["https:\/\/www.metaltechexpert.hu\/en\/about-us\/"]}]},{"@type":"BreadcrumbList","@id":"https:\/\/www.metaltechexpert.hu\/en\/about-us\/#breadcrumb","itemListElement":[{"@type":"ListItem","position":1,"name":"Kezd\u0151lap","item":"https:\/\/www.metaltechexpert.hu\/en\/"},{"@type":"ListItem","position":2,"name":"About us"}]},{"@type":"WebSite","@id":"https:\/\/www.metaltechexpert.hu\/#website","url":"https:\/\/www.metaltechexpert.hu\/","name":"Metal-Tech Expert Kft.","description":"...egy \u00fajabb cre-art st\u00fadi\u00f3 honlap...","potentialAction":[{"@type":"SearchAction","target":{"@type":"EntryPoint","urlTemplate":"https:\/\/www.metaltechexpert.hu\/?s={search_term_string}"},"query-input":{"@type":"PropertyValueSpecification","valueRequired":true,"valueName":"search_term_string"}}],"inLanguage":"en-US"}]}},"_links":{"self":[{"href":"https:\/\/www.metaltechexpert.hu\/en\/wp-json\/wp\/v2\/pages\/75","targetHints":{"allow":["GET"]}}],"collection":[{"href":"https:\/\/www.metaltechexpert.hu\/en\/wp-json\/wp\/v2\/pages"}],"about":[{"href":"https:\/\/www.metaltechexpert.hu\/en\/wp-json\/wp\/v2\/types\/page"}],"author":[{"embeddable":true,"href":"https:\/\/www.metaltechexpert.hu\/en\/wp-json\/wp\/v2\/users\/1"}],"replies":[{"embeddable":true,"href":"https:\/\/www.metaltechexpert.hu\/en\/wp-json\/wp\/v2\/comments?post=75"}],"version-history":[{"count":0,"href":"https:\/\/www.metaltechexpert.hu\/en\/wp-json\/wp\/v2\/pages\/75\/revisions"}],"wp:attachment":[{"href":"https:\/\/www.metaltechexpert.hu\/en\/wp-json\/wp\/v2\/media?parent=75"}],"curies":[{"name":"wp","href":"https:\/\/api.w.org\/{rel}","templated":true}]}}