{"id":81,"date":"2013-04-17T14:55:44","date_gmt":"2013-04-17T12:55:44","guid":{"rendered":"https:\/\/wp.creart.hu\/metaltechexpert\/?page_id=81"},"modified":"2024-05-31T09:05:06","modified_gmt":"2024-05-31T07:05:06","slug":"produkte","status":"publish","type":"page","link":"https:\/\/www.metaltechexpert.hu\/de\/produkte\/","title":{"rendered":"Produkte"},"content":{"rendered":"ngg_shortcode_0_placeholder\n","protected":false},"excerpt":{"rendered":"","protected":false},"author":1,"featured_media":0,"parent":0,"menu_order":2,"comment_status":"closed","ping_status":"closed","template":"","meta":{"ngg_post_thumbnail":0,"footnotes":""},"class_list":["post-81","page","type-page","status-publish","hentry"],"yoast_head":"<!-- This site is optimized with the Yoast SEO plugin v26.9 - https:\/\/yoast.com\/product\/yoast-seo-wordpress\/ -->\n<title>Produkte - Metal-Tech Expert Kft.<\/title>\n<meta name=\"robots\" content=\"index, follow, max-snippet:-1, max-image-preview:large, max-video-preview:-1\" \/>\n<link rel=\"canonical\" href=\"https:\/\/www.metaltechexpert.hu\/de\/produkte\/\" \/>\n<meta property=\"og:locale\" content=\"de_DE\" \/>\n<meta property=\"og:type\" content=\"article\" \/>\n<meta property=\"og:title\" content=\"Produkte - Metal-Tech Expert Kft.\" \/>\n<meta property=\"og:url\" content=\"https:\/\/www.metaltechexpert.hu\/de\/produkte\/\" \/>\n<meta property=\"og:site_name\" content=\"Metal-Tech Expert Kft.\" \/>\n<meta property=\"article:modified_time\" content=\"2024-05-31T07:05:06+00:00\" \/>\n<meta name=\"twitter:label1\" content=\"Gesch\u00e4tzte Lesezeit\" \/>\n\t<meta name=\"twitter:data1\" content=\"1\u00a0Minute\" \/>\n<script type=\"application\/ld+json\" class=\"yoast-schema-graph\">{\"@context\":\"https:\/\/schema.org\",\"@graph\":[{\"@type\":\"WebPage\",\"@id\":\"https:\/\/www.metaltechexpert.hu\/de\/produkte\/\",\"url\":\"https:\/\/www.metaltechexpert.hu\/de\/produkte\/\",\"name\":\"Produkte - Metal-Tech Expert Kft.\",\"isPartOf\":{\"@id\":\"https:\/\/www.metaltechexpert.hu\/#website\"},\"datePublished\":\"2013-04-17T12:55:44+00:00\",\"dateModified\":\"2024-05-31T07:05:06+00:00\",\"breadcrumb\":{\"@id\":\"https:\/\/www.metaltechexpert.hu\/de\/produkte\/#breadcrumb\"},\"inLanguage\":\"de\",\"potentialAction\":[{\"@type\":\"ReadAction\",\"target\":[\"https:\/\/www.metaltechexpert.hu\/de\/produkte\/\"]}]},{\"@type\":\"BreadcrumbList\",\"@id\":\"https:\/\/www.metaltechexpert.hu\/de\/produkte\/#breadcrumb\",\"itemListElement\":[{\"@type\":\"ListItem\",\"position\":1,\"name\":\"Kezd\u0151lap\",\"item\":\"https:\/\/www.metaltechexpert.hu\/de\/\"},{\"@type\":\"ListItem\",\"position\":2,\"name\":\"Produkte\"}]},{\"@type\":\"WebSite\",\"@id\":\"https:\/\/www.metaltechexpert.hu\/#website\",\"url\":\"https:\/\/www.metaltechexpert.hu\/\",\"name\":\"Metal-Tech Expert Kft.\",\"description\":\"...egy \u00fajabb cre-art st\u00fadi\u00f3 honlap...\",\"potentialAction\":[{\"@type\":\"SearchAction\",\"target\":{\"@type\":\"EntryPoint\",\"urlTemplate\":\"https:\/\/www.metaltechexpert.hu\/?s={search_term_string}\"},\"query-input\":{\"@type\":\"PropertyValueSpecification\",\"valueRequired\":true,\"valueName\":\"search_term_string\"}}],\"inLanguage\":\"de\"}]}<\/script>\n<!-- \/ Yoast SEO plugin. -->","yoast_head_json":{"title":"Produkte - Metal-Tech Expert Kft.","robots":{"index":"index","follow":"follow","max-snippet":"max-snippet:-1","max-image-preview":"max-image-preview:large","max-video-preview":"max-video-preview:-1"},"canonical":"https:\/\/www.metaltechexpert.hu\/de\/produkte\/","og_locale":"de_DE","og_type":"article","og_title":"Produkte - Metal-Tech Expert Kft.","og_url":"https:\/\/www.metaltechexpert.hu\/de\/produkte\/","og_site_name":"Metal-Tech Expert Kft.","article_modified_time":"2024-05-31T07:05:06+00:00","twitter_misc":{"Gesch\u00e4tzte Lesezeit":"1\u00a0Minute"},"schema":{"@context":"https:\/\/schema.org","@graph":[{"@type":"WebPage","@id":"https:\/\/www.metaltechexpert.hu\/de\/produkte\/","url":"https:\/\/www.metaltechexpert.hu\/de\/produkte\/","name":"Produkte - Metal-Tech Expert Kft.","isPartOf":{"@id":"https:\/\/www.metaltechexpert.hu\/#website"},"datePublished":"2013-04-17T12:55:44+00:00","dateModified":"2024-05-31T07:05:06+00:00","breadcrumb":{"@id":"https:\/\/www.metaltechexpert.hu\/de\/produkte\/#breadcrumb"},"inLanguage":"de","potentialAction":[{"@type":"ReadAction","target":["https:\/\/www.metaltechexpert.hu\/de\/produkte\/"]}]},{"@type":"BreadcrumbList","@id":"https:\/\/www.metaltechexpert.hu\/de\/produkte\/#breadcrumb","itemListElement":[{"@type":"ListItem","position":1,"name":"Kezd\u0151lap","item":"https:\/\/www.metaltechexpert.hu\/de\/"},{"@type":"ListItem","position":2,"name":"Produkte"}]},{"@type":"WebSite","@id":"https:\/\/www.metaltechexpert.hu\/#website","url":"https:\/\/www.metaltechexpert.hu\/","name":"Metal-Tech Expert Kft.","description":"...egy \u00fajabb cre-art st\u00fadi\u00f3 honlap...","potentialAction":[{"@type":"SearchAction","target":{"@type":"EntryPoint","urlTemplate":"https:\/\/www.metaltechexpert.hu\/?s={search_term_string}"},"query-input":{"@type":"PropertyValueSpecification","valueRequired":true,"valueName":"search_term_string"}}],"inLanguage":"de"}]}},"_links":{"self":[{"href":"https:\/\/www.metaltechexpert.hu\/de\/wp-json\/wp\/v2\/pages\/81","targetHints":{"allow":["GET"]}}],"collection":[{"href":"https:\/\/www.metaltechexpert.hu\/de\/wp-json\/wp\/v2\/pages"}],"about":[{"href":"https:\/\/www.metaltechexpert.hu\/de\/wp-json\/wp\/v2\/types\/page"}],"author":[{"embeddable":true,"href":"https:\/\/www.metaltechexpert.hu\/de\/wp-json\/wp\/v2\/users\/1"}],"replies":[{"embeddable":true,"href":"https:\/\/www.metaltechexpert.hu\/de\/wp-json\/wp\/v2\/comments?post=81"}],"version-history":[{"count":0,"href":"https:\/\/www.metaltechexpert.hu\/de\/wp-json\/wp\/v2\/pages\/81\/revisions"}],"wp:attachment":[{"href":"https:\/\/www.metaltechexpert.hu\/de\/wp-json\/wp\/v2\/media?parent=81"}],"curies":[{"name":"wp","href":"https:\/\/api.w.org\/{rel}","templated":true}]}}