{"id":77,"date":"2013-04-17T14:55:16","date_gmt":"2013-04-17T12:55:16","guid":{"rendered":"https:\/\/wp.creart.hu\/metaltechexpert\/?page_id=77"},"modified":"2013-04-30T14:29:44","modified_gmt":"2013-04-30T12:29:44","slug":"uber-uns","status":"publish","type":"page","link":"https:\/\/www.metaltechexpert.hu\/de\/uber-uns\/","title":{"rendered":"\u00dcber Uns"},"content":{"rendered":"<p>Unsere Firma bes\u00e4ftigt sich als Lieferant f\u00fcr heimische und \u00f6sterreichische multinationelle Firmen mit Stahlkonstruktionen und Metalbearbeitung.<\/p>\n<p>Unsere St\u00e4rke liegt in der kurzfristigen Herstellung der einzigartigen Stahlkonstruktionen, von der Besorgung durch die Bearbeitung bis zur Oberfl\u00e4chenbearbeitung. Wir versuchen alle Arbeitsprozesse im Haus zu machen, dadurch k\u00f6nnen wir unsere Kunden schneller bedienen.<\/p>\n<p>Unsere erfahrene Fachmanngruppe arbeiten daran, dass der Bedarf unserer alten und neuen Kunden schnell und nach W\u00fcnschen befriedigt wird.<\/p>\n<p>Wir unternehmen schweisende Stahlkonstruktionen nach Zeichnungen zu produzieren, die CNC Brenn- und Plasmazuschnitte von Ersatzteilen, Blech- und Rohrbiegung, Oberfl\u00e4chebehandlungen und Schlosserarbeiten.<\/p>\n<p>Verschiedene Produktionsverfahren machen wir mit unseren Unternehmern in Kooperation, damit wir in h\u00f6herer Qualit\u00e4t, mehrere Leistungen garantieren k\u00f6nnen.<\/p>\n","protected":false},"excerpt":{"rendered":"<p>Unsere Firma bes\u00e4ftigt sich als Lieferant f\u00fcr heimische und \u00f6sterreichische multinationelle Firmen mit Stahlkonstruktionen und Metalbearbeitung. Unsere St\u00e4rke liegt in der kurzfristigen Herstellung der einzigartigen Stahlkonstruktionen, von der Besorgung durch die Bearbeitung bis zur Oberfl\u00e4chenbearbeitung. Wir versuchen alle Arbeitsprozesse im Haus zu machen, dadurch k\u00f6nnen wir unsere Kunden schneller bedienen. Unsere erfahrene Fachmanngruppe arbeiten daran, [&hellip;]<\/p>\n","protected":false},"author":1,"featured_media":0,"parent":0,"menu_order":4,"comment_status":"open","ping_status":"closed","template":"","meta":{"ngg_post_thumbnail":0,"footnotes":""},"class_list":["post-77","page","type-page","status-publish","hentry"],"yoast_head":"<!-- This site is optimized with the Yoast SEO plugin v26.9 - https:\/\/yoast.com\/product\/yoast-seo-wordpress\/ -->\n<title>\u00dcber Uns - Metal-Tech Expert Kft.<\/title>\n<meta name=\"robots\" content=\"index, follow, max-snippet:-1, max-image-preview:large, max-video-preview:-1\" \/>\n<link rel=\"canonical\" href=\"https:\/\/www.metaltechexpert.hu\/de\/uber-uns\/\" \/>\n<meta property=\"og:locale\" content=\"de_DE\" \/>\n<meta property=\"og:type\" content=\"article\" \/>\n<meta property=\"og:title\" content=\"\u00dcber Uns - Metal-Tech Expert Kft.\" \/>\n<meta property=\"og:description\" content=\"Unsere Firma bes\u00e4ftigt sich als Lieferant f\u00fcr heimische und \u00f6sterreichische multinationelle Firmen mit Stahlkonstruktionen und Metalbearbeitung. Unsere St\u00e4rke liegt in der kurzfristigen Herstellung der einzigartigen Stahlkonstruktionen, von der Besorgung durch die Bearbeitung bis zur Oberfl\u00e4chenbearbeitung. Wir versuchen alle Arbeitsprozesse im Haus zu machen, dadurch k\u00f6nnen wir unsere Kunden schneller bedienen. Unsere erfahrene Fachmanngruppe arbeiten daran, [&hellip;]\" \/>\n<meta property=\"og:url\" content=\"https:\/\/www.metaltechexpert.hu\/de\/uber-uns\/\" \/>\n<meta property=\"og:site_name\" content=\"Metal-Tech Expert Kft.\" \/>\n<meta property=\"article:modified_time\" content=\"2013-04-30T12:29:44+00:00\" \/>\n<meta name=\"twitter:label1\" content=\"Gesch\u00e4tzte Lesezeit\" \/>\n\t<meta name=\"twitter:data1\" content=\"1\u00a0Minute\" \/>\n<script type=\"application\/ld+json\" class=\"yoast-schema-graph\">{\"@context\":\"https:\/\/schema.org\",\"@graph\":[{\"@type\":\"WebPage\",\"@id\":\"https:\/\/www.metaltechexpert.hu\/de\/uber-uns\/\",\"url\":\"https:\/\/www.metaltechexpert.hu\/de\/uber-uns\/\",\"name\":\"\u00dcber Uns - Metal-Tech Expert Kft.\",\"isPartOf\":{\"@id\":\"https:\/\/www.metaltechexpert.hu\/#website\"},\"datePublished\":\"2013-04-17T12:55:16+00:00\",\"dateModified\":\"2013-04-30T12:29:44+00:00\",\"breadcrumb\":{\"@id\":\"https:\/\/www.metaltechexpert.hu\/de\/uber-uns\/#breadcrumb\"},\"inLanguage\":\"de\",\"potentialAction\":[{\"@type\":\"ReadAction\",\"target\":[\"https:\/\/www.metaltechexpert.hu\/de\/uber-uns\/\"]}]},{\"@type\":\"BreadcrumbList\",\"@id\":\"https:\/\/www.metaltechexpert.hu\/de\/uber-uns\/#breadcrumb\",\"itemListElement\":[{\"@type\":\"ListItem\",\"position\":1,\"name\":\"Kezd\u0151lap\",\"item\":\"https:\/\/www.metaltechexpert.hu\/de\/\"},{\"@type\":\"ListItem\",\"position\":2,\"name\":\"\u00dcber Uns\"}]},{\"@type\":\"WebSite\",\"@id\":\"https:\/\/www.metaltechexpert.hu\/#website\",\"url\":\"https:\/\/www.metaltechexpert.hu\/\",\"name\":\"Metal-Tech Expert Kft.\",\"description\":\"...egy \u00fajabb cre-art st\u00fadi\u00f3 honlap...\",\"potentialAction\":[{\"@type\":\"SearchAction\",\"target\":{\"@type\":\"EntryPoint\",\"urlTemplate\":\"https:\/\/www.metaltechexpert.hu\/?s={search_term_string}\"},\"query-input\":{\"@type\":\"PropertyValueSpecification\",\"valueRequired\":true,\"valueName\":\"search_term_string\"}}],\"inLanguage\":\"de\"}]}<\/script>\n<!-- \/ Yoast SEO plugin. -->","yoast_head_json":{"title":"\u00dcber Uns - Metal-Tech Expert Kft.","robots":{"index":"index","follow":"follow","max-snippet":"max-snippet:-1","max-image-preview":"max-image-preview:large","max-video-preview":"max-video-preview:-1"},"canonical":"https:\/\/www.metaltechexpert.hu\/de\/uber-uns\/","og_locale":"de_DE","og_type":"article","og_title":"\u00dcber Uns - Metal-Tech Expert Kft.","og_description":"Unsere Firma bes\u00e4ftigt sich als Lieferant f\u00fcr heimische und \u00f6sterreichische multinationelle Firmen mit Stahlkonstruktionen und Metalbearbeitung. Unsere St\u00e4rke liegt in der kurzfristigen Herstellung der einzigartigen Stahlkonstruktionen, von der Besorgung durch die Bearbeitung bis zur Oberfl\u00e4chenbearbeitung. Wir versuchen alle Arbeitsprozesse im Haus zu machen, dadurch k\u00f6nnen wir unsere Kunden schneller bedienen. Unsere erfahrene Fachmanngruppe arbeiten daran, [&hellip;]","og_url":"https:\/\/www.metaltechexpert.hu\/de\/uber-uns\/","og_site_name":"Metal-Tech Expert Kft.","article_modified_time":"2013-04-30T12:29:44+00:00","twitter_misc":{"Gesch\u00e4tzte Lesezeit":"1\u00a0Minute"},"schema":{"@context":"https:\/\/schema.org","@graph":[{"@type":"WebPage","@id":"https:\/\/www.metaltechexpert.hu\/de\/uber-uns\/","url":"https:\/\/www.metaltechexpert.hu\/de\/uber-uns\/","name":"\u00dcber Uns - Metal-Tech Expert Kft.","isPartOf":{"@id":"https:\/\/www.metaltechexpert.hu\/#website"},"datePublished":"2013-04-17T12:55:16+00:00","dateModified":"2013-04-30T12:29:44+00:00","breadcrumb":{"@id":"https:\/\/www.metaltechexpert.hu\/de\/uber-uns\/#breadcrumb"},"inLanguage":"de","potentialAction":[{"@type":"ReadAction","target":["https:\/\/www.metaltechexpert.hu\/de\/uber-uns\/"]}]},{"@type":"BreadcrumbList","@id":"https:\/\/www.metaltechexpert.hu\/de\/uber-uns\/#breadcrumb","itemListElement":[{"@type":"ListItem","position":1,"name":"Kezd\u0151lap","item":"https:\/\/www.metaltechexpert.hu\/de\/"},{"@type":"ListItem","position":2,"name":"\u00dcber Uns"}]},{"@type":"WebSite","@id":"https:\/\/www.metaltechexpert.hu\/#website","url":"https:\/\/www.metaltechexpert.hu\/","name":"Metal-Tech Expert Kft.","description":"...egy \u00fajabb cre-art st\u00fadi\u00f3 honlap...","potentialAction":[{"@type":"SearchAction","target":{"@type":"EntryPoint","urlTemplate":"https:\/\/www.metaltechexpert.hu\/?s={search_term_string}"},"query-input":{"@type":"PropertyValueSpecification","valueRequired":true,"valueName":"search_term_string"}}],"inLanguage":"de"}]}},"_links":{"self":[{"href":"https:\/\/www.metaltechexpert.hu\/de\/wp-json\/wp\/v2\/pages\/77","targetHints":{"allow":["GET"]}}],"collection":[{"href":"https:\/\/www.metaltechexpert.hu\/de\/wp-json\/wp\/v2\/pages"}],"about":[{"href":"https:\/\/www.metaltechexpert.hu\/de\/wp-json\/wp\/v2\/types\/page"}],"author":[{"embeddable":true,"href":"https:\/\/www.metaltechexpert.hu\/de\/wp-json\/wp\/v2\/users\/1"}],"replies":[{"embeddable":true,"href":"https:\/\/www.metaltechexpert.hu\/de\/wp-json\/wp\/v2\/comments?post=77"}],"version-history":[{"count":0,"href":"https:\/\/www.metaltechexpert.hu\/de\/wp-json\/wp\/v2\/pages\/77\/revisions"}],"wp:attachment":[{"href":"https:\/\/www.metaltechexpert.hu\/de\/wp-json\/wp\/v2\/media?parent=77"}],"curies":[{"name":"wp","href":"https:\/\/api.w.org\/{rel}","templated":true}]}}