{"id":65,"date":"2013-04-17T14:25:52","date_gmt":"2013-04-17T12:25:52","guid":{"rendered":"https:\/\/wp.creart.hu\/metaltechexpert\/?page_id=65"},"modified":"2023-10-11T13:57:06","modified_gmt":"2023-10-11T11:57:06","slug":"kontakt","status":"publish","type":"page","link":"https:\/\/www.metaltechexpert.hu\/de\/kontakt\/","title":{"rendered":"Kontakt"},"content":{"rendered":"<h2>Metal-Tech Expert Kft.<\/h2>\n<p>H-8800 Nagykanizsa, Teleki u. 23.<br \/>\nTel.: 0036 93 510 191<br \/>\nE-mail:&nbsp;&nbsp;info@metaltechexpert.hu<br \/>\nWeb:&nbsp;<a href=\"https:\/\/www.metaltechexpert.hu\">www.metaltechexpert.hu<\/a><\/p>\n<p>Unsere Firma bet\u00e4tigt sich in Nagykanizsa, n\u00e4he der Autobahn M7.<\/p>\n<p><iframe loading=\"lazy\" style=\"border: 0;\" src=\"https:\/\/www.google.com\/maps\/embed?pb=!1m18!1m12!1m3!1d2748.8644508798147!2d17.01523157774718!3d46.45138277110724!2m3!1f0!2f0!3f0!3m2!1i1024!2i768!4f13.1!3m3!1m2!1s0x4768930473a0bc23%3A0x8a69b6d72a014490!2sMetal-Tech%20Expert%20Kft.!5e0!3m2!1sen!2shu!4v1691574324979!5m2!1sen!2shu\" width=\"560\" height=\"450\" allowfullscreen=\"allowfullscreen\"><span data-mce-type=\"bookmark\" style=\"display: inline-block; width: 0px; overflow: hidden; line-height: 0;\" class=\"mce_SELRES_start\">\ufeff<\/span>span data-mce-type=&#8220;bookmark&#8220; style=&#8220;display: inline-block; width: 0px; overflow: hidden; line-height: 0;&#8220; class=&#8220;mce_SELRES_start&#8220;&gt;\ufeff<span data-mce-type=\"bookmark\" style=\"display: inline-block; width: 0px; overflow: hidden; line-height: 0;\" class=\"mce_SELRES_start\">\ufeff<\/span><\/iframe><\/p>\n\n<div class=\"wpcf7 no-js\" id=\"wpcf7-f149-o1\" lang=\"en-US\" dir=\"ltr\" data-wpcf7-id=\"149\">\n<div class=\"screen-reader-response\"><p role=\"status\" aria-live=\"polite\" aria-atomic=\"true\"><\/p> <ul><\/ul><\/div>\n<form action=\"\/de\/wp-json\/wp\/v2\/pages\/65#wpcf7-f149-o1\" method=\"post\" class=\"wpcf7-form init\" aria-label=\"Contact form\" novalidate=\"novalidate\" data-status=\"init\">\n<fieldset class=\"hidden-fields-container\"><input type=\"hidden\" name=\"_wpcf7\" value=\"149\" \/><input type=\"hidden\" name=\"_wpcf7_version\" value=\"6.1.4\" \/><input type=\"hidden\" name=\"_wpcf7_locale\" value=\"en_US\" \/><input type=\"hidden\" name=\"_wpcf7_unit_tag\" value=\"wpcf7-f149-o1\" \/><input type=\"hidden\" name=\"_wpcf7_container_post\" value=\"0\" \/><input type=\"hidden\" name=\"_wpcf7_posted_data_hash\" value=\"\" \/>\n<\/fieldset>\n<p style=\"margin-bottom: 35px;\">Wenn Sie Fragen haben, f\u00fcllen Sie bitte unser Kontaktformular aus und treten Sie mit uns in Verbindung.<br \/>\nMit * gekennzeichnete Felder m\u00fcssen ausgef\u00fcllt werden.\n<\/p>\n<p>Name*: <span class=\"wpcf7-form-control-wrap\" data-name=\"your-name\"><input size=\"40\" maxlength=\"400\" class=\"wpcf7-form-control wpcf7-text wpcf7-validates-as-required\" aria-required=\"true\" aria-invalid=\"false\" value=\"\" type=\"text\" name=\"your-name\" \/><\/span>\n<\/p>\n<p>E-mail*: <span class=\"wpcf7-form-control-wrap\" data-name=\"your-email\"><input size=\"40\" maxlength=\"400\" class=\"wpcf7-form-control wpcf7-email wpcf7-validates-as-required wpcf7-text wpcf7-validates-as-email\" aria-required=\"true\" aria-invalid=\"false\" value=\"\" type=\"email\" name=\"your-email\" \/><\/span>\n<\/p>\n<p>Betreff : <span class=\"wpcf7-form-control-wrap\" data-name=\"your-subject\"><input size=\"40\" maxlength=\"400\" class=\"wpcf7-form-control wpcf7-text\" aria-invalid=\"false\" value=\"\" type=\"text\" name=\"your-subject\" \/><\/span>\n<\/p>\n<p>Ihre Nachricht:\n<\/p>\n<p><span class=\"wpcf7-form-control-wrap\" data-name=\"your-message\"><textarea cols=\"40\" rows=\"10\" maxlength=\"2000\" class=\"wpcf7-form-control wpcf7-textarea\" aria-invalid=\"false\" name=\"your-message\"><\/textarea><\/span>\n<\/p>\n<p>[recaptcha]\n<\/p>\n<p><div class=\"cf7-cf-turnstile\" style=\"margin-top: 0px; margin-bottom: -15px;\"> <div id=\"cf-turnstile-cf7-3285601772\" class=\"cf-turnstile\" data-sitekey=\"0x4AAAAAAA7pH0kJgc7021is\" data-theme=\"light\" data-language=\"auto\" data-size=\"normal\" data-retry=\"auto\" data-retry-interval=\"1000\" data-refresh-expired=\"auto\" data-action=\"contact-form-7\" data-appearance=\"always\"><\/div> <script>document.addEventListener(\"DOMContentLoaded\", function() { setTimeout(function(){ var e=document.getElementById(\"cf-turnstile-cf7-3285601772\"); e&&!e.innerHTML.trim()&&(turnstile.remove(\"#cf-turnstile-cf7-3285601772\"), turnstile.render(\"#cf-turnstile-cf7-3285601772\", {sitekey:\"0x4AAAAAAA7pH0kJgc7021is\"})); }, 100); });<\/script> <br class=\"cf-turnstile-br cf-turnstile-br-cf7-3285601772\"> <style>#cf-turnstile-cf7-3285601772 { margin-left: -15px; }<\/style> <script>document.addEventListener(\"DOMContentLoaded\",function(){document.querySelectorAll('.wpcf7-form').forEach(function(e){e.addEventListener('submit',function(){if(document.getElementById('cf-turnstile-cf7-3285601772')){setTimeout(function(){turnstile.reset('#cf-turnstile-cf7-3285601772');},1000)}})})});<\/script> <\/div><br\/><input class=\"wpcf7-form-control wpcf7-submit has-spinner\" type=\"submit\" value=\"Absenden\" \/>\n<\/p><div class=\"wpcf7-response-output\" aria-hidden=\"true\"><\/div>\n<\/form>\n<\/div>\n\n","protected":false},"excerpt":{"rendered":"<p>Metal-Tech Expert Kft. H-8800 Nagykanizsa, Teleki u. 23. Tel.: 0036 93 510 191 E-mail:&nbsp;&nbsp;info@metaltechexpert.hu Web:&nbsp;www.metaltechexpert.hu Unsere Firma bet\u00e4tigt sich in Nagykanizsa, n\u00e4he der Autobahn M7. \ufeffspan data-mce-type=&#8220;bookmark&#8220; style=&#8220;display: inline-block; width: 0px; overflow: hidden; line-height: 0;&#8220; class=&#8220;mce_SELRES_start&#8220;&gt;\ufeff\ufeff<\/p>\n","protected":false},"author":1,"featured_media":0,"parent":0,"menu_order":5,"comment_status":"closed","ping_status":"closed","template":"","meta":{"ngg_post_thumbnail":0,"footnotes":""},"class_list":["post-65","page","type-page","status-publish","hentry"],"yoast_head":"<!-- This site is optimized with the Yoast SEO plugin v26.9 - https:\/\/yoast.com\/product\/yoast-seo-wordpress\/ -->\n<title>Kontakt - Metal-Tech Expert Kft.<\/title>\n<meta name=\"robots\" content=\"index, follow, max-snippet:-1, max-image-preview:large, max-video-preview:-1\" \/>\n<link rel=\"canonical\" href=\"https:\/\/www.metaltechexpert.hu\/de\/kontakt\/\" \/>\n<meta property=\"og:locale\" content=\"de_DE\" \/>\n<meta property=\"og:type\" content=\"article\" \/>\n<meta property=\"og:title\" content=\"Kontakt - Metal-Tech Expert Kft.\" \/>\n<meta property=\"og:description\" content=\"Metal-Tech Expert Kft. H-8800 Nagykanizsa, Teleki u. 23. Tel.: 0036 93 510 191 E-mail:&nbsp;&nbsp;info@metaltechexpert.hu Web:&nbsp;www.metaltechexpert.hu Unsere Firma bet\u00e4tigt sich in Nagykanizsa, n\u00e4he der Autobahn M7. \ufeffspan data-mce-type=&#8220;bookmark&#8220; style=&#8220;display: inline-block; width: 0px; overflow: hidden; line-height: 0;&#8220; class=&#8220;mce_SELRES_start&#8220;&gt;\ufeff\ufeff\" \/>\n<meta property=\"og:url\" content=\"https:\/\/www.metaltechexpert.hu\/de\/kontakt\/\" \/>\n<meta property=\"og:site_name\" content=\"Metal-Tech Expert Kft.\" \/>\n<meta property=\"article:modified_time\" content=\"2023-10-11T11:57:06+00:00\" \/>\n<meta name=\"twitter:label1\" content=\"Gesch\u00e4tzte Lesezeit\" \/>\n\t<meta name=\"twitter:data1\" content=\"1\u00a0Minute\" \/>\n<script type=\"application\/ld+json\" class=\"yoast-schema-graph\">{\"@context\":\"https:\/\/schema.org\",\"@graph\":[{\"@type\":\"WebPage\",\"@id\":\"https:\/\/www.metaltechexpert.hu\/de\/kontakt\/\",\"url\":\"https:\/\/www.metaltechexpert.hu\/de\/kontakt\/\",\"name\":\"Kontakt - Metal-Tech Expert Kft.\",\"isPartOf\":{\"@id\":\"https:\/\/www.metaltechexpert.hu\/#website\"},\"datePublished\":\"2013-04-17T12:25:52+00:00\",\"dateModified\":\"2023-10-11T11:57:06+00:00\",\"breadcrumb\":{\"@id\":\"https:\/\/www.metaltechexpert.hu\/de\/kontakt\/#breadcrumb\"},\"inLanguage\":\"de\",\"potentialAction\":[{\"@type\":\"ReadAction\",\"target\":[\"https:\/\/www.metaltechexpert.hu\/de\/kontakt\/\"]}]},{\"@type\":\"BreadcrumbList\",\"@id\":\"https:\/\/www.metaltechexpert.hu\/de\/kontakt\/#breadcrumb\",\"itemListElement\":[{\"@type\":\"ListItem\",\"position\":1,\"name\":\"Kezd\u0151lap\",\"item\":\"https:\/\/www.metaltechexpert.hu\/de\/\"},{\"@type\":\"ListItem\",\"position\":2,\"name\":\"Kontakt\"}]},{\"@type\":\"WebSite\",\"@id\":\"https:\/\/www.metaltechexpert.hu\/#website\",\"url\":\"https:\/\/www.metaltechexpert.hu\/\",\"name\":\"Metal-Tech Expert Kft.\",\"description\":\"...egy \u00fajabb cre-art st\u00fadi\u00f3 honlap...\",\"potentialAction\":[{\"@type\":\"SearchAction\",\"target\":{\"@type\":\"EntryPoint\",\"urlTemplate\":\"https:\/\/www.metaltechexpert.hu\/?s={search_term_string}\"},\"query-input\":{\"@type\":\"PropertyValueSpecification\",\"valueRequired\":true,\"valueName\":\"search_term_string\"}}],\"inLanguage\":\"de\"}]}<\/script>\n<!-- \/ Yoast SEO plugin. -->","yoast_head_json":{"title":"Kontakt - Metal-Tech Expert Kft.","robots":{"index":"index","follow":"follow","max-snippet":"max-snippet:-1","max-image-preview":"max-image-preview:large","max-video-preview":"max-video-preview:-1"},"canonical":"https:\/\/www.metaltechexpert.hu\/de\/kontakt\/","og_locale":"de_DE","og_type":"article","og_title":"Kontakt - Metal-Tech Expert Kft.","og_description":"Metal-Tech Expert Kft. H-8800 Nagykanizsa, Teleki u. 23. Tel.: 0036 93 510 191 E-mail:&nbsp;&nbsp;info@metaltechexpert.hu Web:&nbsp;www.metaltechexpert.hu Unsere Firma bet\u00e4tigt sich in Nagykanizsa, n\u00e4he der Autobahn M7. \ufeffspan data-mce-type=&#8220;bookmark&#8220; style=&#8220;display: inline-block; width: 0px; overflow: hidden; line-height: 0;&#8220; class=&#8220;mce_SELRES_start&#8220;&gt;\ufeff\ufeff","og_url":"https:\/\/www.metaltechexpert.hu\/de\/kontakt\/","og_site_name":"Metal-Tech Expert Kft.","article_modified_time":"2023-10-11T11:57:06+00:00","twitter_misc":{"Gesch\u00e4tzte Lesezeit":"1\u00a0Minute"},"schema":{"@context":"https:\/\/schema.org","@graph":[{"@type":"WebPage","@id":"https:\/\/www.metaltechexpert.hu\/de\/kontakt\/","url":"https:\/\/www.metaltechexpert.hu\/de\/kontakt\/","name":"Kontakt - Metal-Tech Expert Kft.","isPartOf":{"@id":"https:\/\/www.metaltechexpert.hu\/#website"},"datePublished":"2013-04-17T12:25:52+00:00","dateModified":"2023-10-11T11:57:06+00:00","breadcrumb":{"@id":"https:\/\/www.metaltechexpert.hu\/de\/kontakt\/#breadcrumb"},"inLanguage":"de","potentialAction":[{"@type":"ReadAction","target":["https:\/\/www.metaltechexpert.hu\/de\/kontakt\/"]}]},{"@type":"BreadcrumbList","@id":"https:\/\/www.metaltechexpert.hu\/de\/kontakt\/#breadcrumb","itemListElement":[{"@type":"ListItem","position":1,"name":"Kezd\u0151lap","item":"https:\/\/www.metaltechexpert.hu\/de\/"},{"@type":"ListItem","position":2,"name":"Kontakt"}]},{"@type":"WebSite","@id":"https:\/\/www.metaltechexpert.hu\/#website","url":"https:\/\/www.metaltechexpert.hu\/","name":"Metal-Tech Expert Kft.","description":"...egy \u00fajabb cre-art st\u00fadi\u00f3 honlap...","potentialAction":[{"@type":"SearchAction","target":{"@type":"EntryPoint","urlTemplate":"https:\/\/www.metaltechexpert.hu\/?s={search_term_string}"},"query-input":{"@type":"PropertyValueSpecification","valueRequired":true,"valueName":"search_term_string"}}],"inLanguage":"de"}]}},"_links":{"self":[{"href":"https:\/\/www.metaltechexpert.hu\/de\/wp-json\/wp\/v2\/pages\/65","targetHints":{"allow":["GET"]}}],"collection":[{"href":"https:\/\/www.metaltechexpert.hu\/de\/wp-json\/wp\/v2\/pages"}],"about":[{"href":"https:\/\/www.metaltechexpert.hu\/de\/wp-json\/wp\/v2\/types\/page"}],"author":[{"embeddable":true,"href":"https:\/\/www.metaltechexpert.hu\/de\/wp-json\/wp\/v2\/users\/1"}],"replies":[{"embeddable":true,"href":"https:\/\/www.metaltechexpert.hu\/de\/wp-json\/wp\/v2\/comments?post=65"}],"version-history":[{"count":0,"href":"https:\/\/www.metaltechexpert.hu\/de\/wp-json\/wp\/v2\/pages\/65\/revisions"}],"wp:attachment":[{"href":"https:\/\/www.metaltechexpert.hu\/de\/wp-json\/wp\/v2\/media?parent=65"}],"curies":[{"name":"wp","href":"https:\/\/api.w.org\/{rel}","templated":true}]}}