{"id":243,"date":"2018-03-27T15:02:14","date_gmt":"2018-03-27T13:02:14","guid":{"rendered":"https:\/\/www.metaltechexpert.hu\/impresszum\/"},"modified":"2023-10-11T14:00:49","modified_gmt":"2023-10-11T12:00:49","slug":"impressum","status":"publish","type":"page","link":"https:\/\/www.metaltechexpert.hu\/de\/impressum\/","title":{"rendered":"Impressum"},"content":{"rendered":"<table>\n<tbody>\n<tr style=\"height: 24px;\">\n<td style=\"height: 24px;\">Firmenname:<\/td>\n<td style=\"height: 24px;\">METAL-TECH EXPERT Kft.<\/td>\n<\/tr>\n<tr style=\"height: 24px;\">\n<td style=\"height: 24px;\">Firmensitz:<\/td>\n<td style=\"height: 24px;\">H-8800 Nagykanizsa, Teleki \u00fat 23.<\/td>\n<\/tr>\n<tr style=\"height: 24px;\">\n<td style=\"height: 24px;\">Postanschrift:<\/td>\n<td style=\"height: 24px;\">H-8800 Nagykanizsa, Teleki \u00fat 23.<\/td>\n<\/tr>\n<tr style=\"height: 24px;\">\n<td style=\"height: 24px;\">E-Mail:<\/td>\n<td style=\"height: 24px;\">info@metaltechexpert.hu<\/td>\n<\/tr>\n<tr style=\"height: 23px;\">\n<td style=\"height: 23px;\">Web:<\/td>\n<td style=\"height: 23px;\">www.metaltechexpert.hu<\/td>\n<\/tr>\n<tr style=\"height: 23px;\">\n<td style=\"height: 23px;\">Tel.:<\/td>\n<td style=\"height: 23px;\">0036 93 510 191<\/td>\n<\/tr>\n<tr style=\"height: 23px;\">\n<td style=\"height: 23px;\">Firmenbuchnummer:<\/td>\n<td style=\"height: 23px;\">20-09-070606<\/td>\n<\/tr>\n<tr style=\"height: 23px;\">\n<td style=\"height: 23px;\">Landesgericht:<\/td>\n<td style=\"height: 23px;\">Zalaegerszeg<\/td>\n<\/tr>\n<tr style=\"height: 23px;\">\n<td style=\"height: 23px;\">Rechtsform:<\/td>\n<td style=\"height: 23px;\">Kft.<\/td>\n<\/tr>\n<tr style=\"height: 23px;\">\n<td style=\"height: 23px;\">UID Nr.:<\/td>\n<td style=\"height: 23px;\">22692852-2-20<\/td>\n<\/tr>\n<tr style=\"height: 23px;\">\n<td style=\"height: 23px;\">EU Ad\u00f3sz\u00e1m:<\/td>\n<td style=\"height: 23px;\">HU22692852<\/td>\n<\/tr>\n<tr style=\"height: 23px;\">\n<td style=\"height: 23px;\">Bank:<\/td>\n<td style=\"height: 23px;\">UniCredit Bank Hungary Zrt., 1054 Budapest, Szabads\u00e1g t\u00e9r 5-6.<\/td>\n<\/tr>\n<tr style=\"height: 23px;\">\n<td style=\"height: 23px;\">Bankkonto:<\/td>\n<td style=\"height: 23px;\">EUR: 10918001-00000113-87130017<br \/>\nIBAN: HU81 1091 8001 0000 0113 8713 0017<br \/>\nHUF: 10918001-00000113-87130000<br \/>\nIBAN: HU55 1091 8001 0000 0113 8713 0000<br \/>\nSWiFT (BIC): BACXHUHB<\/td>\n<\/tr>\n<\/tbody>\n<\/table>\n","protected":false},"excerpt":{"rendered":"<p>Firmenname: METAL-TECH EXPERT Kft. Firmensitz: H-8800 Nagykanizsa, Teleki \u00fat 23. Postanschrift: H-8800 Nagykanizsa, Teleki \u00fat 23. E-Mail: info@metaltechexpert.hu Web: www.metaltechexpert.hu Tel.: 0036 93 510 191 Firmenbuchnummer: 20-09-070606 Landesgericht: Zalaegerszeg Rechtsform: Kft. UID Nr.: 22692852-2-20 EU Ad\u00f3sz\u00e1m: HU22692852 Bank: UniCredit Bank Hungary Zrt., 1054 Budapest, Szabads\u00e1g t\u00e9r 5-6. Bankkonto: EUR: 10918001-00000113-87130017 IBAN: HU81 1091 8001 0000 [&hellip;]<\/p>\n","protected":false},"author":1,"featured_media":0,"parent":0,"menu_order":0,"comment_status":"closed","ping_status":"closed","template":"","meta":{"ngg_post_thumbnail":0,"footnotes":""},"class_list":["post-243","page","type-page","status-publish","hentry"],"yoast_head":"<!-- This site is optimized with the Yoast SEO plugin v26.9 - https:\/\/yoast.com\/product\/yoast-seo-wordpress\/ -->\n<title>Impressum - Metal-Tech Expert Kft.<\/title>\n<meta name=\"robots\" content=\"index, follow, max-snippet:-1, max-image-preview:large, max-video-preview:-1\" \/>\n<link rel=\"canonical\" href=\"https:\/\/www.metaltechexpert.hu\/de\/impressum\/\" \/>\n<meta property=\"og:locale\" content=\"de_DE\" \/>\n<meta property=\"og:type\" content=\"article\" \/>\n<meta property=\"og:title\" content=\"Impressum - Metal-Tech Expert Kft.\" \/>\n<meta property=\"og:description\" content=\"Firmenname: METAL-TECH EXPERT Kft. Firmensitz: H-8800 Nagykanizsa, Teleki \u00fat 23. Postanschrift: H-8800 Nagykanizsa, Teleki \u00fat 23. E-Mail: info@metaltechexpert.hu Web: www.metaltechexpert.hu Tel.: 0036 93 510 191 Firmenbuchnummer: 20-09-070606 Landesgericht: Zalaegerszeg Rechtsform: Kft. UID Nr.: 22692852-2-20 EU Ad\u00f3sz\u00e1m: HU22692852 Bank: UniCredit Bank Hungary Zrt., 1054 Budapest, Szabads\u00e1g t\u00e9r 5-6. Bankkonto: EUR: 10918001-00000113-87130017 IBAN: HU81 1091 8001 0000 [&hellip;]\" \/>\n<meta property=\"og:url\" content=\"https:\/\/www.metaltechexpert.hu\/de\/impressum\/\" \/>\n<meta property=\"og:site_name\" content=\"Metal-Tech Expert Kft.\" \/>\n<meta property=\"article:modified_time\" content=\"2023-10-11T12:00:49+00:00\" \/>\n<meta name=\"twitter:label1\" content=\"Gesch\u00e4tzte Lesezeit\" \/>\n\t<meta name=\"twitter:data1\" content=\"1\u00a0Minute\" \/>\n<script type=\"application\/ld+json\" class=\"yoast-schema-graph\">{\"@context\":\"https:\/\/schema.org\",\"@graph\":[{\"@type\":\"WebPage\",\"@id\":\"https:\/\/www.metaltechexpert.hu\/de\/impressum\/\",\"url\":\"https:\/\/www.metaltechexpert.hu\/de\/impressum\/\",\"name\":\"Impressum - Metal-Tech Expert Kft.\",\"isPartOf\":{\"@id\":\"https:\/\/www.metaltechexpert.hu\/#website\"},\"datePublished\":\"2018-03-27T13:02:14+00:00\",\"dateModified\":\"2023-10-11T12:00:49+00:00\",\"breadcrumb\":{\"@id\":\"https:\/\/www.metaltechexpert.hu\/de\/impressum\/#breadcrumb\"},\"inLanguage\":\"de\",\"potentialAction\":[{\"@type\":\"ReadAction\",\"target\":[\"https:\/\/www.metaltechexpert.hu\/de\/impressum\/\"]}]},{\"@type\":\"BreadcrumbList\",\"@id\":\"https:\/\/www.metaltechexpert.hu\/de\/impressum\/#breadcrumb\",\"itemListElement\":[{\"@type\":\"ListItem\",\"position\":1,\"name\":\"Kezd\u0151lap\",\"item\":\"https:\/\/www.metaltechexpert.hu\/de\/\"},{\"@type\":\"ListItem\",\"position\":2,\"name\":\"Impressum\"}]},{\"@type\":\"WebSite\",\"@id\":\"https:\/\/www.metaltechexpert.hu\/#website\",\"url\":\"https:\/\/www.metaltechexpert.hu\/\",\"name\":\"Metal-Tech Expert Kft.\",\"description\":\"...egy \u00fajabb cre-art st\u00fadi\u00f3 honlap...\",\"potentialAction\":[{\"@type\":\"SearchAction\",\"target\":{\"@type\":\"EntryPoint\",\"urlTemplate\":\"https:\/\/www.metaltechexpert.hu\/?s={search_term_string}\"},\"query-input\":{\"@type\":\"PropertyValueSpecification\",\"valueRequired\":true,\"valueName\":\"search_term_string\"}}],\"inLanguage\":\"de\"}]}<\/script>\n<!-- \/ Yoast SEO plugin. -->","yoast_head_json":{"title":"Impressum - Metal-Tech Expert Kft.","robots":{"index":"index","follow":"follow","max-snippet":"max-snippet:-1","max-image-preview":"max-image-preview:large","max-video-preview":"max-video-preview:-1"},"canonical":"https:\/\/www.metaltechexpert.hu\/de\/impressum\/","og_locale":"de_DE","og_type":"article","og_title":"Impressum - Metal-Tech Expert Kft.","og_description":"Firmenname: METAL-TECH EXPERT Kft. Firmensitz: H-8800 Nagykanizsa, Teleki \u00fat 23. Postanschrift: H-8800 Nagykanizsa, Teleki \u00fat 23. E-Mail: info@metaltechexpert.hu Web: www.metaltechexpert.hu Tel.: 0036 93 510 191 Firmenbuchnummer: 20-09-070606 Landesgericht: Zalaegerszeg Rechtsform: Kft. UID Nr.: 22692852-2-20 EU Ad\u00f3sz\u00e1m: HU22692852 Bank: UniCredit Bank Hungary Zrt., 1054 Budapest, Szabads\u00e1g t\u00e9r 5-6. Bankkonto: EUR: 10918001-00000113-87130017 IBAN: HU81 1091 8001 0000 [&hellip;]","og_url":"https:\/\/www.metaltechexpert.hu\/de\/impressum\/","og_site_name":"Metal-Tech Expert Kft.","article_modified_time":"2023-10-11T12:00:49+00:00","twitter_misc":{"Gesch\u00e4tzte Lesezeit":"1\u00a0Minute"},"schema":{"@context":"https:\/\/schema.org","@graph":[{"@type":"WebPage","@id":"https:\/\/www.metaltechexpert.hu\/de\/impressum\/","url":"https:\/\/www.metaltechexpert.hu\/de\/impressum\/","name":"Impressum - Metal-Tech Expert Kft.","isPartOf":{"@id":"https:\/\/www.metaltechexpert.hu\/#website"},"datePublished":"2018-03-27T13:02:14+00:00","dateModified":"2023-10-11T12:00:49+00:00","breadcrumb":{"@id":"https:\/\/www.metaltechexpert.hu\/de\/impressum\/#breadcrumb"},"inLanguage":"de","potentialAction":[{"@type":"ReadAction","target":["https:\/\/www.metaltechexpert.hu\/de\/impressum\/"]}]},{"@type":"BreadcrumbList","@id":"https:\/\/www.metaltechexpert.hu\/de\/impressum\/#breadcrumb","itemListElement":[{"@type":"ListItem","position":1,"name":"Kezd\u0151lap","item":"https:\/\/www.metaltechexpert.hu\/de\/"},{"@type":"ListItem","position":2,"name":"Impressum"}]},{"@type":"WebSite","@id":"https:\/\/www.metaltechexpert.hu\/#website","url":"https:\/\/www.metaltechexpert.hu\/","name":"Metal-Tech Expert Kft.","description":"...egy \u00fajabb cre-art st\u00fadi\u00f3 honlap...","potentialAction":[{"@type":"SearchAction","target":{"@type":"EntryPoint","urlTemplate":"https:\/\/www.metaltechexpert.hu\/?s={search_term_string}"},"query-input":{"@type":"PropertyValueSpecification","valueRequired":true,"valueName":"search_term_string"}}],"inLanguage":"de"}]}},"_links":{"self":[{"href":"https:\/\/www.metaltechexpert.hu\/de\/wp-json\/wp\/v2\/pages\/243","targetHints":{"allow":["GET"]}}],"collection":[{"href":"https:\/\/www.metaltechexpert.hu\/de\/wp-json\/wp\/v2\/pages"}],"about":[{"href":"https:\/\/www.metaltechexpert.hu\/de\/wp-json\/wp\/v2\/types\/page"}],"author":[{"embeddable":true,"href":"https:\/\/www.metaltechexpert.hu\/de\/wp-json\/wp\/v2\/users\/1"}],"replies":[{"embeddable":true,"href":"https:\/\/www.metaltechexpert.hu\/de\/wp-json\/wp\/v2\/comments?post=243"}],"version-history":[{"count":0,"href":"https:\/\/www.metaltechexpert.hu\/de\/wp-json\/wp\/v2\/pages\/243\/revisions"}],"wp:attachment":[{"href":"https:\/\/www.metaltechexpert.hu\/de\/wp-json\/wp\/v2\/media?parent=243"}],"curies":[{"name":"wp","href":"https:\/\/api.w.org\/{rel}","templated":true}]}}